{"id":1334,"date":"2018-10-12T10:24:10","date_gmt":"2018-10-12T10:24:10","guid":{"rendered":"http:\/\/hotello-demo.loc\/esperanza\/?page_id=1334"},"modified":"2025-03-14T10:12:21","modified_gmt":"2025-03-14T09:12:21","slug":"services","status":"publish","type":"page","link":"https:\/\/milenium.info.pl\/index.php\/services\/","title":{"rendered":"Cennik"},"content":{"rendered":"<p>[vc_section][vc_row][vc_column][stm_spacer height=&#8221;73&#8243; height_tablet=&#8221;60&#8243; height_mobile=&#8221;40&#8243;][vc_row_inner][vc_column_inner][vc_column_text css=&#8221;.vc_custom_1741943544482{margin-bottom: 52px !important;}&#8221;]<b><strong>Cennik<\/strong><\/b><\/p>\n<ul>\n<li>od 100 z\u0142 od osoby za dob\u0119<\/li>\n<li>\u015awi\u0119ta Bo\u017cego Narodzenia, Wielkiej Nocy oraz weekend majowy i Bo\u017ce cia\u0142o &#8211; 120 z\u0142 od osoby za dob\u0119<\/li>\n<\/ul>\n<p>* Koszt dostawki lub dziecka \u015bpi\u0105cego z rodzicami do lat 4 wynosi &#8211; 50 z\u0142 za dob\u0119<\/p>\n<p>Do kwoty nale\u017cy doliczy\u0107 op\u0142at\u0119 klimatyczn\u0105 w wysoko\u015bci 3 z\u0142 od osoby doros\u0142ej i 3 z\u0142 od dziecka..<\/p>\n<p>Miejsce parkingowe\u00a0&#8211; bezp\u0142atnie<\/p>\n<p>Internet WiFi\u00a0&#8211; bezp\u0142atnie<\/p>\n<h6 style=\"font-weight: 300;\">*Powy\u017csza oferta ma charakter informacyjny i nie stanowi oferty handlowej w rozumieniu art. 66 \u00a71 kodeksu cywilnego oraz innych w\u0142a\u015bciwych przepis\u00f3w prawnych.<\/h6>\n<p>[\/vc_column_text][\/vc_column_inner][\/vc_row_inner][stm_spacer height=&#8221;59&#8243; height_tablet=&#8221;40&#8243; height_mobile=&#8221;40&#8243;][\/vc_column][\/vc_row][\/vc_section][vc_section][vc_row][vc_column][stm_spacer height=&#8221;119&#8243; height_tablet=&#8221;100&#8243; height_mobile=&#8221;80&#8243;][vc_custom_heading text=&#8221;Dla Pa\u0144stwa wygody&#8221; font_container=&#8221;tag:h2|font_size:50px|text_align:center|line_height:60px&#8221; use_theme_fonts=&#8221;yes&#8221; heading_icon=&#8221;stmicon-haircut&#8221;][stm_spacer height=&#8221;70&#8243; height_tablet=&#8221;50&#8243; height_mobile=&#8221;30&#8243;][\/vc_column][\/vc_row][vc_row][vc_column width=&#8221;1\/3&#8243;][stm_icon_box title_tag=&#8221;H3&#8243; icon=&#8221;stmicon-car&#8221; content_pos=&#8221;center&#8221; icon_pos=&#8221;center&#8221; icon_height=&#8221;110&#8243; icon_width=&#8221;170&#8243; title=&#8221;Darmowy parking&#8221;][\/stm_icon_box][stm_spacer height=&#8221;100&#8243; height_tablet=&#8221;70&#8243; height_mobile=&#8221;40&#8243;][stm_icon_box title_tag=&#8221;H3&#8243; icon=&#8221;stmicon-wb_sunny&#8221; content_pos=&#8221;center&#8221; icon_pos=&#8221;center&#8221; icon_size=&#8221;51&#8243; icon_height=&#8221;110&#8243; icon_width=&#8221;170&#8243; title=&#8221;Plac zabaw&#8221;][\/stm_icon_box][\/vc_column][vc_column width=&#8221;1\/3&#8243;][stm_icon_box title_tag=&#8221;H3&#8243; icon=&#8221;stmicon-family-room&#8221; content_pos=&#8221;center&#8221; icon_pos=&#8221;center&#8221; icon_size=&#8221;82&#8243; icon_height=&#8221;110&#8243; icon_width=&#8221;170&#8243; title=&#8221;\u015awietlica&#8221;][\/stm_icon_box][stm_spacer height=&#8221;100&#8243; height_tablet=&#8221;70&#8243; height_mobile=&#8221;40&#8243;][stm_icon_box title_tag=&#8221;H3&#8243; icon=&#8221;stmicon-wifi-1&#8243; content_pos=&#8221;center&#8221; icon_pos=&#8221;center&#8221; icon_size=&#8221;85&#8243; icon_height=&#8221;110&#8243; icon_width=&#8221;170&#8243; title=&#8221;Darmowe WiFi&#8221;][\/stm_icon_box][\/vc_column][vc_column width=&#8221;1\/3&#8243;][stm_icon_box title_tag=&#8221;H3&#8243; icon=&#8221;stmicon-safebox&#8221; content_pos=&#8221;center&#8221; icon_pos=&#8221;center&#8221; icon_size=&#8221;80&#8243; icon_height=&#8221;110&#8243; icon_width=&#8221;170&#8243; title=&#8221;Aneks kuchenny&#8221;][\/stm_icon_box][stm_spacer height=&#8221;100&#8243; height_tablet=&#8221;70&#8243; height_mobile=&#8221;40&#8243;][stm_icon_box title_tag=&#8221;H3&#8243; icon=&#8221;stmicon-television&#8221; content_pos=&#8221;center&#8221; icon_pos=&#8221;center&#8221; icon_size=&#8221;73&#8243; icon_height=&#8221;110&#8243; icon_width=&#8221;170&#8243; title=&#8221;Telewizja cyfrowa&#8221;][\/stm_icon_box][\/vc_column][\/vc_row][vc_row][vc_column][stm_spacer height=&#8221;80&#8243; height_tablet=&#8221;60&#8243; height_mobile=&#8221;40&#8243;][\/vc_column][\/vc_row][\/vc_section]<\/p>\n","protected":false},"excerpt":{"rendered":"<p>[vc_section][vc_row][vc_column][stm_spacer height=&#8221;73&#8243; height_tablet=&#8221;60&#8243; height_mobile=&#8221;40&#8243;][vc_row_inner][vc_column_inner][vc_column_text css=&#8221;.vc_custom_1741943544482{margin-bottom: 52px !important;}&#8221;]Cennik od 100 z\u0142 od osoby za dob\u0119 \u015awi\u0119ta Bo\u017cego Narodzenia, Wielkiej Nocy oraz weekend majowy i Bo\u017ce cia\u0142o &#8211; 120 z\u0142 od osoby za dob\u0119 * Koszt dostawki lub dziecka \u015bpi\u0105cego z rodzicami do lat 4 wynosi &#8211; 50 z\u0142 za dob\u0119 Do kwoty nale\u017cy doliczy\u0107 op\u0142at\u0119 klimatyczn\u0105 [&hellip;]<\/p>\n","protected":false},"author":1,"featured_media":0,"parent":0,"menu_order":0,"comment_status":"closed","ping_status":"closed","template":"","meta":{"footnotes":""},"class_list":["post-1334","page","type-page","status-publish","hentry"],"_links":{"self":[{"href":"https:\/\/milenium.info.pl\/index.php\/wp-json\/wp\/v2\/pages\/1334","targetHints":{"allow":["GET"]}}],"collection":[{"href":"https:\/\/milenium.info.pl\/index.php\/wp-json\/wp\/v2\/pages"}],"about":[{"href":"https:\/\/milenium.info.pl\/index.php\/wp-json\/wp\/v2\/types\/page"}],"author":[{"embeddable":true,"href":"https:\/\/milenium.info.pl\/index.php\/wp-json\/wp\/v2\/users\/1"}],"replies":[{"embeddable":true,"href":"https:\/\/milenium.info.pl\/index.php\/wp-json\/wp\/v2\/comments?post=1334"}],"version-history":[{"count":14,"href":"https:\/\/milenium.info.pl\/index.php\/wp-json\/wp\/v2\/pages\/1334\/revisions"}],"predecessor-version":[{"id":1967,"href":"https:\/\/milenium.info.pl\/index.php\/wp-json\/wp\/v2\/pages\/1334\/revisions\/1967"}],"wp:attachment":[{"href":"https:\/\/milenium.info.pl\/index.php\/wp-json\/wp\/v2\/media?parent=1334"}],"curies":[{"name":"wp","href":"https:\/\/api.w.org\/{rel}","templated":true}]}}