{"id":1533,"date":"2020-02-15T19:34:31","date_gmt":"2020-02-15T18:34:31","guid":{"rendered":"http:\/\/serwer1623100.home.pl\/autoinstalator\/wordpressplugins\/?page_id=1533"},"modified":"2021-05-27T22:49:54","modified_gmt":"2021-05-27T20:49:54","slug":"regulamin","status":"publish","type":"page","link":"https:\/\/milenium.info.pl\/index.php\/regulamin\/","title":{"rendered":"Regulamin"},"content":{"rendered":"<p>[vc_section][vc_row][vc_column][stm_spacer height=&#8221;73&#8243; height_tablet=&#8221;60&#8243; height_mobile=&#8221;40&#8243;][vc_row_inner][vc_column_inner][vc_column_text css=&#8221;.vc_custom_1581791679157{margin-bottom: 52px !important;}&#8221;]<\/p>\n<h4>B\u0119dziemy Pa\u0144stwu bardzo wdzi\u0119czni za wsp\u00f3\u0142prac\u0119 w przestrzeganiu niniejszego regulaminu, kt\u00f3ry ma s\u0142u\u017cy\u0107 zapewnieniu spokoju i bezpiecze\u0144stwa pobytu wszystkich naszych Go\u015bci.<\/h4>\n<h4>1.Pobyt na kwaterze rozpoczyna si\u0119 pierwszego dnia o godzinie 15:00, a ko\u0144czy ostatniego dnia o godzinie 10:00.<\/h4>\n<h4>2.Op\u0142at\u0119 za korzystanie z kwatery pomniejszon\u0105 o wp\u0142acony zadatek uiszcza si\u0119 tu\u017c po zakwaterowaniu.<\/h4>\n<h4>3. Do kwoty nale\u017cy doliczy\u0107 op\u0142at\u0119 klimatyczn\u0105 w wysoko\u015bci 2,00 z\u0142 od osoby doros\u0142ej i 2,00 z\u0142 od dziecka..<\/h4>\n<h4>4.Do zameldowania prosimy przygotowa\u0107 dokumenty to\u017csamo\u015bci.<\/h4>\n<h4>5.Na terenie posesji nasi Go\u015bcie maj\u0105 mo\u017cliwo\u015b\u0107 bezp\u0142atnego parkowania swoich pojazd\u00f3w. Kwaterodawca wskazuje klientowi miejsce postoju samochodu, ale nie ponosi odpowiedzialno\u015bci za jego bezpiecze\u0144stwo i szkody wyrz\u0105dzone przez osoby trzecie.<\/h4>\n<h4>6.W wynajmowanych pokojach, jak r\u00f3wnie\u017c na terenie posesji powinny przebywa\u0107 wy\u0142\u0105cznie osoby zakwaterowane.<\/h4>\n<h4>7.Go\u015b\u0107 nie mo\u017ce bez zgody w\u0142a\u015bciciela kwatery przyjmowa\u0107 na nocleg w wynajmowanych pomieszczeniach dodatkowych os\u00f3b, traktuj\u0105c ich jako swoich go\u015bci.<\/h4>\n<h4><span class=\"standard\">8.Je\u017celi liczba Go\u015bci wynajmuj\u0105cych kwater\u0119 jest wy\u017csza ni\u017c wskazana w skierowaniu lub uzgodnieniach ustnych w\u0142a\u015bciciel kwatery ma prawo do:<\/span><\/h4>\n<h4>\u00b7\u00a0odm\u00f3wienia przyj\u0119cia os\u00f3b dodatkowych<\/h4>\n<h4>\u00b7\u00a0odst\u0105pienia od umowy z winy turysty.<\/h4>\n<h4>\u00b7\u00a0pobrania op\u0142aty za osoby dodatkowe<\/h4>\n<h4>9.Na pocz\u0105tku i na ko\u0144cu okresu wynajmu dokonane zostanie sprawdzenie stanu pomieszcze\u0144 przez w\u0142a\u015bciciela kwatery i Go\u015bcia. Klient ponosi koszty wynikaj\u0105ce ze zniszczenia sprz\u0119tu lub jego braku.<\/h4>\n<h4>10.Na terenie posesji segregujemy odpady. W zwi\u0105zku z tym \u015bmieci nale\u017cy wrzuca\u0107 do pojemnik\u00f3w zgodnie z ich przeznaczeniem.<\/h4>\n<h4>11.Chc\u0105c zapewni\u0107 wszystkim go\u015bciom spokojny pobyt prosimy:<\/h4>\n<ul>\n<li>o zachowanie ciszy nocnej w godzinach 22:00 &#8211; 7:00<\/li>\n<li>nieodtwarzanie g\u0142o\u015bnej muzyki<\/li>\n<li>niezachowywanie si\u0119 w spos\u00f3b powszechnie uznany za wulgarny lub nieprzyzwoity<\/li>\n<\/ul>\n<h4>12.W budynku obowi\u0105zuje zakaz palenia.<\/h4>\n<h4>13.Nasi Go\u015bcie maj\u0105 mo\u017cliwo\u015b\u0107 korzystania z odkurzacza, \u017celazka i parawan\u00f3w.<\/h4>\n<h4>14.Informujemy, \u017ce nie dokonujemy cz\u0119\u015bciowych zwrot\u00f3w koszt\u00f3w pobytu w nast\u0119puj\u0105cych przypadkach:<\/h4>\n<ul>\n<li>gdy fakt skr\u00f3cenia pobytu zostanie zg\u0142oszony w trakcie jego trwania<\/li>\n<li>gdy w spos\u00f3b ra\u017c\u0105cy zostan\u0105 naruszone zasady wsp\u00f3\u0142\u017cycia spo\u0142ecznego lub postanowienia niniejszego Regulaminu, upowa\u017cniaj\u0105ce nas do odmowy dalszego \u015bwiadczenia us\u0142ug<\/li>\n<\/ul>\n<h4>15.\u00a0Trzymanie zwierz\u0105t domowych na kwaterze, bez wcze\u015bniejszego ustalenia, nie jest mile widziane.<\/h4>\n<p>[\/vc_column_text][\/vc_column_inner][\/vc_row_inner][stm_spacer height=&#8221;59&#8243; height_tablet=&#8221;40&#8243; height_mobile=&#8221;40&#8243;][\/vc_column][\/vc_row][\/vc_section][vc_section][vc_row][vc_column][stm_spacer height=&#8221;119&#8243; height_tablet=&#8221;100&#8243; height_mobile=&#8221;80&#8243;][vc_custom_heading text=&#8221;Dla Pa\u0144stwa wygody&#8221; font_container=&#8221;tag:h2|font_size:50px|text_align:center|line_height:60px&#8221; use_theme_fonts=&#8221;yes&#8221; heading_icon=&#8221;stmicon-haircut&#8221;][stm_spacer height=&#8221;70&#8243; height_tablet=&#8221;50&#8243; height_mobile=&#8221;30&#8243;][\/vc_column][\/vc_row][vc_row][vc_column width=&#8221;1\/3&#8243;][stm_icon_box title_tag=&#8221;H3&#8243; icon=&#8221;stmicon-car&#8221; content_pos=&#8221;center&#8221; icon_pos=&#8221;center&#8221; icon_height=&#8221;110&#8243; icon_width=&#8221;170&#8243; title=&#8221;Darmowy parking&#8221;][\/stm_icon_box][stm_spacer height=&#8221;100&#8243; height_tablet=&#8221;70&#8243; height_mobile=&#8221;40&#8243;][stm_icon_box title_tag=&#8221;H3&#8243; icon=&#8221;stmicon-wb_sunny&#8221; content_pos=&#8221;center&#8221; icon_pos=&#8221;center&#8221; icon_size=&#8221;51&#8243; icon_height=&#8221;110&#8243; icon_width=&#8221;170&#8243; title=&#8221;Plac zabaw&#8221;][\/stm_icon_box][\/vc_column][vc_column width=&#8221;1\/3&#8243;][stm_icon_box title_tag=&#8221;H3&#8243; icon=&#8221;stmicon-family-room&#8221; content_pos=&#8221;center&#8221; icon_pos=&#8221;center&#8221; icon_size=&#8221;82&#8243; icon_height=&#8221;110&#8243; icon_width=&#8221;170&#8243; title=&#8221;\u015awietlica&#8221;][\/stm_icon_box][stm_spacer height=&#8221;100&#8243; height_tablet=&#8221;70&#8243; height_mobile=&#8221;40&#8243;][stm_icon_box title_tag=&#8221;H3&#8243; icon=&#8221;stmicon-wifi-1&#8243; content_pos=&#8221;center&#8221; icon_pos=&#8221;center&#8221; icon_size=&#8221;85&#8243; icon_height=&#8221;110&#8243; icon_width=&#8221;170&#8243; title=&#8221;Darmowe WiFi&#8221;][\/stm_icon_box][\/vc_column][vc_column width=&#8221;1\/3&#8243;][stm_icon_box title_tag=&#8221;H3&#8243; icon=&#8221;stmicon-safebox&#8221; content_pos=&#8221;center&#8221; icon_pos=&#8221;center&#8221; icon_size=&#8221;80&#8243; icon_height=&#8221;110&#8243; icon_width=&#8221;170&#8243; title=&#8221;Aneks kuchenny&#8221;][\/stm_icon_box][stm_spacer height=&#8221;100&#8243; height_tablet=&#8221;70&#8243; height_mobile=&#8221;40&#8243;][stm_icon_box title_tag=&#8221;H3&#8243; icon=&#8221;stmicon-television&#8221; content_pos=&#8221;center&#8221; icon_pos=&#8221;center&#8221; icon_size=&#8221;73&#8243; icon_height=&#8221;110&#8243; icon_width=&#8221;170&#8243; title=&#8221;Telewizja cyfrowa&#8221;][\/stm_icon_box][\/vc_column][\/vc_row][vc_row][vc_column][stm_spacer height=&#8221;80&#8243; height_tablet=&#8221;60&#8243; height_mobile=&#8221;40&#8243;][\/vc_column][\/vc_row][\/vc_section]<\/p>\n","protected":false},"excerpt":{"rendered":"<p>[vc_section][vc_row][vc_column][stm_spacer height=&#8221;73&#8243; height_tablet=&#8221;60&#8243; height_mobile=&#8221;40&#8243;][vc_row_inner][vc_column_inner][vc_column_text css=&#8221;.vc_custom_1581791679157{margin-bottom: 52px !important;}&#8221;] B\u0119dziemy Pa\u0144stwu bardzo wdzi\u0119czni za wsp\u00f3\u0142prac\u0119 w przestrzeganiu niniejszego regulaminu, kt\u00f3ry ma s\u0142u\u017cy\u0107 zapewnieniu spokoju i bezpiecze\u0144stwa pobytu wszystkich naszych Go\u015bci. 1.Pobyt na kwaterze rozpoczyna si\u0119 pierwszego dnia o godzinie 15:00, a ko\u0144czy ostatniego dnia o godzinie 10:00. 2.Op\u0142at\u0119 za korzystanie z kwatery pomniejszon\u0105 o wp\u0142acony zadatek uiszcza [&hellip;]<\/p>\n","protected":false},"author":1,"featured_media":0,"parent":0,"menu_order":0,"comment_status":"closed","ping_status":"closed","template":"","meta":{"footnotes":""},"class_list":["post-1533","page","type-page","status-publish","hentry"],"_links":{"self":[{"href":"https:\/\/milenium.info.pl\/index.php\/wp-json\/wp\/v2\/pages\/1533","targetHints":{"allow":["GET"]}}],"collection":[{"href":"https:\/\/milenium.info.pl\/index.php\/wp-json\/wp\/v2\/pages"}],"about":[{"href":"https:\/\/milenium.info.pl\/index.php\/wp-json\/wp\/v2\/types\/page"}],"author":[{"embeddable":true,"href":"https:\/\/milenium.info.pl\/index.php\/wp-json\/wp\/v2\/users\/1"}],"replies":[{"embeddable":true,"href":"https:\/\/milenium.info.pl\/index.php\/wp-json\/wp\/v2\/comments?post=1533"}],"version-history":[{"count":1,"href":"https:\/\/milenium.info.pl\/index.php\/wp-json\/wp\/v2\/pages\/1533\/revisions"}],"predecessor-version":[{"id":1534,"href":"https:\/\/milenium.info.pl\/index.php\/wp-json\/wp\/v2\/pages\/1533\/revisions\/1534"}],"wp:attachment":[{"href":"https:\/\/milenium.info.pl\/index.php\/wp-json\/wp\/v2\/media?parent=1533"}],"curies":[{"name":"wp","href":"https:\/\/api.w.org\/{rel}","templated":true}]}}